{"id":21837,"date":"2025-07-29T06:05:06","date_gmt":"2025-07-29T06:05:06","guid":{"rendered":"https:\/\/mullundpartner.de\/?page_id=21837"},"modified":"2025-10-01T08:05:57","modified_gmt":"2025-10-01T08:05:57","slug":"about-siera-alliance","status":"publish","type":"page","link":"https:\/\/mullundpartner.de\/en\/about-siera-alliance\/","title":{"rendered":"SIERA Alliance"},"content":{"rendered":"<div data-elementor-type=\"wp-page\" data-elementor-id=\"21837\" class=\"elementor elementor-21837\" data-elementor-post-type=\"page\">\n\t\t\t\t<div class=\"elementor-element elementor-element-91b5c41 e-con-full e-flex e-con e-parent\" data-id=\"91b5c41\" data-element_type=\"container\" data-e-type=\"container\">\n\t\t<div class=\"elementor-element elementor-element-5140f2f e-con-full e-flex e-con e-child\" data-id=\"5140f2f\" data-element_type=\"container\" data-e-type=\"container\">\n\t\t\t\t<div class=\"elementor-element elementor-element-bacea8f section-title elementor-invisible elementor-widget elementor-widget-wd_text_block\" data-id=\"bacea8f\" data-element_type=\"widget\" data-e-type=\"widget\" data-settings=\"{&quot;_animation&quot;:&quot;fadeInUp&quot;}\" data-widget_type=\"wd_text_block.default\">\n\t\t\t\t<div class=\"elementor-widget-container\">\n\t\t\t\t\t\t\t<div class=\"wd-text-block reset-last-child text-left\">\n\t\t\t\n\t\t\t<h2 style=\"color: #38344d; text-align: center;\"><span class=\"#boxfirst #boxnormal\">About<\/span> SIERA <span class=\"color-primary\">Alliance<\/span><\/h2>\n\t\t\t\t\t<\/div>\n\t\t\t\t\t\t<\/div>\n\t\t\t\t<\/div>\n\t\t\t\t<div class=\"elementor-element elementor-element-3b5983a color-scheme-inherit text-left elementor-widget elementor-widget-text-editor\" data-id=\"3b5983a\" data-element_type=\"widget\" data-e-type=\"widget\" data-widget_type=\"text-editor.default\">\n\t\t\t\t<div class=\"elementor-widget-container\">\n\t\t\t\t\t\t\t\t\t<p><strong>SIERA Alliance<\/strong> is a group of companies specializing in environmental engineering, dedicated to addressing global challenges through sustainable solutions, innovative technology, and impactful projects.<br \/><br>\nOur experts design, implement, and manage projects that create lasting, positive change. We offer a wide range of services, addressing three critical global challenges: climate change, ecological degradation, and socio-economic inequality.<\/p><p>Our environmental engineers identify the challenges, recognize the opportunities, and deliver sustainable solutions. It\u2019s not just about finding solutions; it\u2019s about rectifying the problems of the past\u2014fixing what\u2019s broken, renewing what\u2019s been lost, and restoring ecosystems to their natural balance.<\/p><p>Through innovative engineering, advanced technology, and impactful projects, we are committed to helping clients build a better, more sustainable future with our engineering services.<\/p>\t\t\t\t\t\t\t\t<\/div>\n\t\t\t\t<\/div>\n\t\t\t\t<div class=\"elementor-element elementor-element-7a076df elementor-widget elementor-widget-button\" data-id=\"7a076df\" data-element_type=\"widget\" data-e-type=\"widget\" data-widget_type=\"button.default\">\n\t\t\t\t<div class=\"elementor-widget-container\">\n\t\t\t\t\t\t\t\t\t<div class=\"elementor-button-wrapper\">\n\t\t\t\t\t<a class=\"elementor-button elementor-button-link elementor-size-sm\" href=\"https:\/\/siera-alliance.com\/\" target=\"_blank\" rel=\"noopener\">\n\t\t\t\t\t\t<span class=\"elementor-button-content-wrapper\">\n\t\t\t\t\t\t<span class=\"elementor-button-icon\">\n\t\t\t\t<i aria-hidden=\"true\" class=\"fas fa-external-link-alt\"><\/i>\t\t\t<\/span>\n\t\t\t\t\t\t\t\t\t<span class=\"elementor-button-text\">Learn More<\/span>\n\t\t\t\t\t<\/span>\n\t\t\t\t\t<\/a>\n\t\t\t\t<\/div>\n\t\t\t\t\t\t\t\t<\/div>\n\t\t\t\t<\/div>\n\t\t\t\t<\/div>\n\t\t<div class=\"elementor-element elementor-element-13eab0a e-con-full e-flex e-con e-child\" data-id=\"13eab0a\" data-element_type=\"container\" data-e-type=\"container\">\n\t\t\t\t<div class=\"elementor-element elementor-element-a984af8 elementor-widget__width-initial elementor-widget elementor-widget-image\" data-id=\"a984af8\" data-element_type=\"widget\" data-e-type=\"widget\" data-widget_type=\"image.default\">\n\t\t\t\t<div class=\"elementor-widget-container\">\n\t\t\t\t\t\t\t\t\t\t\t\t\t\t\t<img fetchpriority=\"high\" decoding=\"async\" width=\"1024\" height=\"492\" src=\"https:\/\/mullundpartner.de\/wp-content\/uploads\/2025\/07\/Corporate-Sustainability-Blog-Posts-1-1024x492.webp\" class=\"attachment-large size-large wp-image-21840\" alt=\"\" srcset=\"https:\/\/mullundpartner.de\/wp-content\/uploads\/2025\/07\/Corporate-Sustainability-Blog-Posts-1-1024x492.webp 1024w, https:\/\/mullundpartner.de\/wp-content\/uploads\/2025\/07\/Corporate-Sustainability-Blog-Posts-1-300x144.webp 300w, https:\/\/mullundpartner.de\/wp-content\/uploads\/2025\/07\/Corporate-Sustainability-Blog-Posts-1-768x369.webp 768w, https:\/\/mullundpartner.de\/wp-content\/uploads\/2025\/07\/Corporate-Sustainability-Blog-Posts-1-18x9.webp 18w, https:\/\/mullundpartner.de\/wp-content\/uploads\/2025\/07\/Corporate-Sustainability-Blog-Posts-1-600x288.webp 600w, https:\/\/mullundpartner.de\/wp-content\/uploads\/2025\/07\/Corporate-Sustainability-Blog-Posts-1-150x72.webp 150w, https:\/\/mullundpartner.de\/wp-content\/uploads\/2025\/07\/Corporate-Sustainability-Blog-Posts-1.webp 1250w\" sizes=\"(max-width: 1024px) 100vw, 1024px\" \/>\t\t\t\t\t\t\t\t\t\t\t\t\t\t\t<\/div>\n\t\t\t\t<\/div>\n\t\t\t\t<div class=\"elementor-element elementor-element-701c219 elementor-widget__width-initial elementor-absolute elementor-widget elementor-widget-image\" data-id=\"701c219\" data-element_type=\"widget\" data-e-type=\"widget\" data-settings=\"{&quot;_position&quot;:&quot;absolute&quot;}\" data-widget_type=\"image.default\">\n\t\t\t\t<div class=\"elementor-widget-container\">\n\t\t\t\t\t\t\t\t\t\t\t\t\t\t\t<img decoding=\"async\" width=\"1024\" height=\"683\" data-src=\"https:\/\/mullundpartner.de\/wp-content\/uploads\/2025\/07\/realistic-water-drop-with-ecosystem-scaled-1-1024x683.jpg\" class=\"attachment-large size-large wp-image-21841 lazyload\" alt=\"\" data-srcset=\"https:\/\/mullundpartner.de\/wp-content\/uploads\/2025\/07\/realistic-water-drop-with-ecosystem-scaled-1-1024x683.jpg 1024w, https:\/\/mullundpartner.de\/wp-content\/uploads\/2025\/07\/realistic-water-drop-with-ecosystem-scaled-1-300x200.jpg 300w, https:\/\/mullundpartner.de\/wp-content\/uploads\/2025\/07\/realistic-water-drop-with-ecosystem-scaled-1-768x512.jpg 768w, https:\/\/mullundpartner.de\/wp-content\/uploads\/2025\/07\/realistic-water-drop-with-ecosystem-scaled-1-18x12.jpg 18w, https:\/\/mullundpartner.de\/wp-content\/uploads\/2025\/07\/realistic-water-drop-with-ecosystem-scaled-1-600x400.jpg 600w, https:\/\/mullundpartner.de\/wp-content\/uploads\/2025\/07\/realistic-water-drop-with-ecosystem-scaled-1-150x100.jpg 150w, https:\/\/mullundpartner.de\/wp-content\/uploads\/2025\/07\/realistic-water-drop-with-ecosystem-scaled-1.jpg 1350w\" data-sizes=\"(max-width: 1024px) 100vw, 1024px\" src=\"data:image\/gif;base64,R0lGODlhAQABAAAAACH5BAEKAAEALAAAAAABAAEAAAICTAEAOw==\" style=\"--smush-placeholder-width: 1024px; --smush-placeholder-aspect-ratio: 1024\/683;\" \/><noscript><img decoding=\"async\" width=\"1024\" height=\"683\" src=\"https:\/\/mullundpartner.de\/wp-content\/uploads\/2025\/07\/realistic-water-drop-with-ecosystem-scaled-1-1024x683.jpg\" class=\"attachment-large size-large wp-image-21841\" alt=\"\" srcset=\"https:\/\/mullundpartner.de\/wp-content\/uploads\/2025\/07\/realistic-water-drop-with-ecosystem-scaled-1-1024x683.jpg 1024w, https:\/\/mullundpartner.de\/wp-content\/uploads\/2025\/07\/realistic-water-drop-with-ecosystem-scaled-1-300x200.jpg 300w, https:\/\/mullundpartner.de\/wp-content\/uploads\/2025\/07\/realistic-water-drop-with-ecosystem-scaled-1-768x512.jpg 768w, https:\/\/mullundpartner.de\/wp-content\/uploads\/2025\/07\/realistic-water-drop-with-ecosystem-scaled-1-18x12.jpg 18w, https:\/\/mullundpartner.de\/wp-content\/uploads\/2025\/07\/realistic-water-drop-with-ecosystem-scaled-1-600x400.jpg 600w, https:\/\/mullundpartner.de\/wp-content\/uploads\/2025\/07\/realistic-water-drop-with-ecosystem-scaled-1-150x100.jpg 150w, https:\/\/mullundpartner.de\/wp-content\/uploads\/2025\/07\/realistic-water-drop-with-ecosystem-scaled-1.jpg 1350w\" sizes=\"(max-width: 1024px) 100vw, 1024px\" \/><\/noscript>\t\t\t\t\t\t\t\t\t\t\t\t\t\t\t<\/div>\n\t\t\t\t<\/div>\n\t\t\t\t<\/div>\n\t\t\t\t<\/div>\n\t\t<div class=\"elementor-element elementor-element-b3d895c e-con-full e-flex e-con e-parent\" data-id=\"b3d895c\" data-element_type=\"container\" data-e-type=\"container\">\n\t\t\t\t<div class=\"elementor-element elementor-element-0d5bb44 elementor-widget elementor-widget-heading\" data-id=\"0d5bb44\" data-element_type=\"widget\" data-e-type=\"widget\" data-widget_type=\"heading.default\">\n\t\t\t\t<div class=\"elementor-widget-container\">\n\t\t\t\t\t<h3 class=\"elementor-heading-title elementor-size-default\">SIERA Alliance - Engineering for a Better Tomorrow<\/h3>\t\t\t\t<\/div>\n\t\t\t\t<\/div>\n\t\t\t\t<\/div>\n\t\t<div class=\"elementor-element elementor-element-f078763 e-con-full e-flex e-con e-parent\" data-id=\"f078763\" data-element_type=\"container\" data-e-type=\"container\">\n\t\t\t\t<div class=\"elementor-element elementor-element-84d0b12 section-title elementor-invisible elementor-widget elementor-widget-wd_text_block\" data-id=\"84d0b12\" data-element_type=\"widget\" data-e-type=\"widget\" data-settings=\"{&quot;_animation&quot;:&quot;fadeInUp&quot;}\" data-widget_type=\"wd_text_block.default\">\n\t\t\t\t<div class=\"elementor-widget-container\">\n\t\t\t\t\t\t\t<div class=\"wd-text-block reset-last-child text-left\">\n\t\t\t\n\t\t\t<h2 style=\"color: #38344d; text-align: center;\" class=\"translation-block\"><span class=\"boxfirst boxnormal\">Ou<\/span>r <span class=\"color-primary\">Values<\/span><\/h2>\n\t\t\t\t\t<\/div>\n\t\t\t\t\t\t<\/div>\n\t\t\t\t<\/div>\n\t\t<div class=\"elementor-element elementor-element-e3d2892 e-con-full e-flex e-con e-child\" data-id=\"e3d2892\" data-element_type=\"container\" data-e-type=\"container\">\n\t\t\t\t<div class=\"elementor-element elementor-element-130a4ce elementor-widget__width-initial elementor-widget elementor-widget-icon-box\" data-id=\"130a4ce\" data-element_type=\"widget\" data-e-type=\"widget\" data-widget_type=\"icon-box.default\">\n\t\t\t\t<div class=\"elementor-widget-container\">\n\t\t\t\t\t\t\t<div class=\"elementor-icon-box-wrapper\">\n\n\t\t\t\n\t\t\t\t\t\t<div class=\"elementor-icon-box-content\">\n\n\t\t\t\t\t\t\t\t\t<h3 class=\"elementor-icon-box-title\">\n\t\t\t\t\t\t<span  >\n\t\t\t\t\t\t\tIntegrity \t\t\t\t\t\t<\/span>\n\t\t\t\t\t<\/h3>\n\t\t\t\t\n\t\t\t\t\t\t\t\t\t<p class=\"elementor-icon-box-description\">\n\t\t\t\t\t\tActing ethically, honestly, and responsibly in all we do.\t\t\t\t\t<\/p>\n\t\t\t\t\n\t\t\t<\/div>\n\t\t\t\n\t\t<\/div>\n\t\t\t\t\t\t<\/div>\n\t\t\t\t<\/div>\n\t\t\t\t<div class=\"elementor-element elementor-element-ac536cb elementor-widget__width-initial elementor-widget elementor-widget-icon-box\" data-id=\"ac536cb\" data-element_type=\"widget\" data-e-type=\"widget\" data-widget_type=\"icon-box.default\">\n\t\t\t\t<div class=\"elementor-widget-container\">\n\t\t\t\t\t\t\t<div class=\"elementor-icon-box-wrapper\">\n\n\t\t\t\n\t\t\t\t\t\t<div class=\"elementor-icon-box-content\">\n\n\t\t\t\t\t\t\t\t\t<h3 class=\"elementor-icon-box-title\">\n\t\t\t\t\t\t<span  >\n\t\t\t\t\t\t\tDiversity\t\t\t\t\t\t<\/span>\n\t\t\t\t\t<\/h3>\n\t\t\t\t\n\t\t\t\t\t\t\t\t\t<p class=\"elementor-icon-box-description\">\n\t\t\t\t\t\tPromoting an inclusive, equitable working environment.\t\t\t\t\t<\/p>\n\t\t\t\t\n\t\t\t<\/div>\n\t\t\t\n\t\t<\/div>\n\t\t\t\t\t\t<\/div>\n\t\t\t\t<\/div>\n\t\t\t\t<div class=\"elementor-element elementor-element-6fccb1a elementor-widget__width-initial elementor-widget elementor-widget-icon-box\" data-id=\"6fccb1a\" data-element_type=\"widget\" data-e-type=\"widget\" data-widget_type=\"icon-box.default\">\n\t\t\t\t<div class=\"elementor-widget-container\">\n\t\t\t\t\t\t\t<div class=\"elementor-icon-box-wrapper\">\n\n\t\t\t\n\t\t\t\t\t\t<div class=\"elementor-icon-box-content\">\n\n\t\t\t\t\t\t\t\t\t<h3 class=\"elementor-icon-box-title\">\n\t\t\t\t\t\t<span  >\n\t\t\t\t\t\t\tCollaboration\t\t\t\t\t\t<\/span>\n\t\t\t\t\t<\/h3>\n\t\t\t\t\n\t\t\t\t\t\t\t\t\t<p class=\"elementor-icon-box-description\">\n\t\t\t\t\t\tWorking seamlessly across teams, companies, and partners.\t\t\t\t\t<\/p>\n\t\t\t\t\n\t\t\t<\/div>\n\t\t\t\n\t\t<\/div>\n\t\t\t\t\t\t<\/div>\n\t\t\t\t<\/div>\n\t\t\t\t<div class=\"elementor-element elementor-element-8ddf069 elementor-widget__width-initial elementor-widget elementor-widget-icon-box\" data-id=\"8ddf069\" data-element_type=\"widget\" data-e-type=\"widget\" data-widget_type=\"icon-box.default\">\n\t\t\t\t<div class=\"elementor-widget-container\">\n\t\t\t\t\t\t\t<div class=\"elementor-icon-box-wrapper\">\n\n\t\t\t\n\t\t\t\t\t\t<div class=\"elementor-icon-box-content\">\n\n\t\t\t\t\t\t\t\t\t<h3 class=\"elementor-icon-box-title\">\n\t\t\t\t\t\t<span  >\n\t\t\t\t\t\t\tImplementation\t\t\t\t\t\t<\/span>\n\t\t\t\t\t<\/h3>\n\t\t\t\t\n\t\t\t\t\t\t\t\t\t<p class=\"elementor-icon-box-description\">\n\t\t\t\t\t\tEmpowering our teams to take ownership and deliver results.\t\t\t\t\t<\/p>\n\t\t\t\t\n\t\t\t<\/div>\n\t\t\t\n\t\t<\/div>\n\t\t\t\t\t\t<\/div>\n\t\t\t\t<\/div>\n\t\t\t\t<div class=\"elementor-element elementor-element-740b572 elementor-widget__width-initial elementor-widget elementor-widget-icon-box\" data-id=\"740b572\" data-element_type=\"widget\" data-e-type=\"widget\" data-widget_type=\"icon-box.default\">\n\t\t\t\t<div class=\"elementor-widget-container\">\n\t\t\t\t\t\t\t<div class=\"elementor-icon-box-wrapper\">\n\n\t\t\t\n\t\t\t\t\t\t<div class=\"elementor-icon-box-content\">\n\n\t\t\t\t\t\t\t\t\t<h3 class=\"elementor-icon-box-title\">\n\t\t\t\t\t\t<span  >\n\t\t\t\t\t\t\tPerformance\t\t\t\t\t\t<\/span>\n\t\t\t\t\t<\/h3>\n\t\t\t\t\n\t\t\t\t\t\t\t\t\t<p class=\"elementor-icon-box-description\">\n\t\t\t\t\t\tRecognizing achievement and supporting continuous improvement.\t\t\t\t\t<\/p>\n\t\t\t\t\n\t\t\t<\/div>\n\t\t\t\n\t\t<\/div>\n\t\t\t\t\t\t<\/div>\n\t\t\t\t<\/div>\n\t\t\t\t<div class=\"elementor-element elementor-element-698ebd2 elementor-widget__width-initial elementor-widget elementor-widget-icon-box\" data-id=\"698ebd2\" data-element_type=\"widget\" data-e-type=\"widget\" data-widget_type=\"icon-box.default\">\n\t\t\t\t<div class=\"elementor-widget-container\">\n\t\t\t\t\t\t\t<div class=\"elementor-icon-box-wrapper\">\n\n\t\t\t\n\t\t\t\t\t\t<div class=\"elementor-icon-box-content\">\n\n\t\t\t\t\t\t\t\t\t<h3 class=\"elementor-icon-box-title\">\n\t\t\t\t\t\t<span  >\n\t\t\t\t\t\t\tRespect\t\t\t\t\t\t<\/span>\n\t\t\t\t\t<\/h3>\n\t\t\t\t\n\t\t\t\t\t\t\t\t\t<p class=\"elementor-icon-box-description\">\n\t\t\t\t\t\tValuing people, nature, and society.\t\t\t\t\t<\/p>\n\t\t\t\t\n\t\t\t<\/div>\n\t\t\t\n\t\t<\/div>\n\t\t\t\t\t\t<\/div>\n\t\t\t\t<\/div>\n\t\t\t\t<div class=\"elementor-element elementor-element-8933872 elementor-widget__width-initial elementor-widget elementor-widget-icon-box\" data-id=\"8933872\" data-element_type=\"widget\" data-e-type=\"widget\" data-widget_type=\"icon-box.default\">\n\t\t\t\t<div class=\"elementor-widget-container\">\n\t\t\t\t\t\t\t<div class=\"elementor-icon-box-wrapper\">\n\n\t\t\t\n\t\t\t\t\t\t<div class=\"elementor-icon-box-content\">\n\n\t\t\t\t\t\t\t\t\t<h3 class=\"elementor-icon-box-title\">\n\t\t\t\t\t\t<span  >\n\t\t\t\t\t\t\tAgility\t\t\t\t\t\t<\/span>\n\t\t\t\t\t<\/h3>\n\t\t\t\t\n\t\t\t\t\t\t\t\t\t<p class=\"elementor-icon-box-description\">\n\t\t\t\t\t\tAdapting quickly to change with customer-centric, streamlined processes.\t\t\t\t\t<\/p>\n\t\t\t\t\n\t\t\t<\/div>\n\t\t\t\n\t\t<\/div>\n\t\t\t\t\t\t<\/div>\n\t\t\t\t<\/div>\n\t\t\t\t<div class=\"elementor-element elementor-element-c380144 elementor-widget__width-initial elementor-widget elementor-widget-icon-box\" data-id=\"c380144\" data-element_type=\"widget\" data-e-type=\"widget\" data-widget_type=\"icon-box.default\">\n\t\t\t\t<div class=\"elementor-widget-container\">\n\t\t\t\t\t\t\t<div class=\"elementor-icon-box-wrapper\">\n\n\t\t\t\n\t\t\t\t\t\t<div class=\"elementor-icon-box-content\">\n\n\t\t\t\t\t\t\t\t\t<h3 class=\"elementor-icon-box-title\">\n\t\t\t\t\t\t<span  >\n\t\t\t\t\t\t\tInnovation\t\t\t\t\t\t<\/span>\n\t\t\t\t\t<\/h3>\n\t\t\t\t\n\t\t\t\t\t\t\t\t\t<p class=\"elementor-icon-box-description\">\n\t\t\t\t\t\tPioneering engineering methods, technologies, and services.\t\t\t\t\t<\/p>\n\t\t\t\t\n\t\t\t<\/div>\n\t\t\t\n\t\t<\/div>\n\t\t\t\t\t\t<\/div>\n\t\t\t\t<\/div>\n\t\t\t\t<\/div>\n\t\t\t\t<\/div>\n\t\t<div class=\"elementor-element elementor-element-4cd7521 e-con-full e-flex e-con e-parent\" data-id=\"4cd7521\" data-element_type=\"container\" data-e-type=\"container\">\n\t\t<div class=\"elementor-element elementor-element-7f842ac e-con-full e-flex e-con e-child\" data-id=\"7f842ac\" data-element_type=\"container\" data-e-type=\"container\" data-settings=\"{&quot;background_background&quot;:&quot;classic&quot;}\">\n\t\t\t\t<div class=\"elementor-element elementor-element-e60709a elementor-widget elementor-widget-heading\" data-id=\"e60709a\" data-element_type=\"widget\" data-e-type=\"widget\" data-widget_type=\"heading.default\">\n\t\t\t\t<div class=\"elementor-widget-container\">\n\t\t\t\t\t<h3 class=\"elementor-heading-title elementor-size-default\">Vision<\/h3>\t\t\t\t<\/div>\n\t\t\t\t<\/div>\n\t\t\t\t<div class=\"elementor-element elementor-element-d9fe508 color-scheme-inherit text-left elementor-widget elementor-widget-text-editor\" data-id=\"d9fe508\" data-element_type=\"widget\" data-e-type=\"widget\" data-widget_type=\"text-editor.default\">\n\t\t\t\t<div class=\"elementor-widget-container\">\n\t\t\t\t\t\t\t\t\t<p>The SIERA Alliance envisions a future where sustainable solutions are driven by innovation, responsibility and collaboration. Together, we tackle global challenges and create lasting positive change through a shared vision - restoring the balance between nature, society and technology for a resilient and sustainable future, always true to the motto \u201eEngineering for a Better Tomorrow\u201c.<\/p>\t\t\t\t\t\t\t\t<\/div>\n\t\t\t\t<\/div>\n\t\t\t\t<\/div>\n\t\t<div class=\"elementor-element elementor-element-bc42630 e-con-full e-flex e-con e-child\" data-id=\"bc42630\" data-element_type=\"container\" data-e-type=\"container\" data-settings=\"{&quot;background_background&quot;:&quot;classic&quot;}\">\n\t\t\t\t<div class=\"elementor-element elementor-element-43f2ca4 elementor-widget elementor-widget-heading\" data-id=\"43f2ca4\" data-element_type=\"widget\" data-e-type=\"widget\" data-widget_type=\"heading.default\">\n\t\t\t\t<div class=\"elementor-widget-container\">\n\t\t\t\t\t<h3 class=\"elementor-heading-title elementor-size-default\">Order<\/h3>\t\t\t\t<\/div>\n\t\t\t\t<\/div>\n\t\t\t\t<div class=\"elementor-element elementor-element-1bbe01c color-scheme-inherit text-left elementor-widget elementor-widget-text-editor\" data-id=\"1bbe01c\" data-element_type=\"widget\" data-e-type=\"widget\" data-widget_type=\"text-editor.default\">\n\t\t\t\t<div class=\"elementor-widget-container\">\n\t\t\t\t\t\t\t\t\t<p>The SIERA Alliance is a coalition of forward-thinking environmental engineering companies committed to transformative environmental solutions to combat climate change, environmental degradation and socio-economic inequality. With our shared commitment to innovation and sustainability, we work together to empower businesses and communities and promote a better, more sustainable future for all, always true to the motto \u201eEngineering for a Better Tomorrow\u201c.<\/p>\t\t\t\t\t\t\t\t<\/div>\n\t\t\t\t<\/div>\n\t\t\t\t<\/div>\n\t\t\t\t<\/div>\n\t\t\t\t<\/div>","protected":false},"excerpt":{"rendered":"<p>\u00dcber SIERA Allianz SIERA Allianz ist ein Zusammenschluss f\u00fchrender Unternehmen, die auf Umweltingenieurwesen spezialisiert sind. Gemeinsam setzen wir uns daf\u00fcr<\/p>","protected":false},"author":3008,"featured_media":0,"parent":0,"menu_order":0,"comment_status":"closed","ping_status":"closed","template":"elementor_header_footer","meta":{"inline_featured_image":false,"footnotes":""},"class_list":["post-21837","page","type-page","status-publish","hentry"],"_links":{"self":[{"href":"https:\/\/mullundpartner.de\/en\/wp-json\/wp\/v2\/pages\/21837","targetHints":{"allow":["GET"]}}],"collection":[{"href":"https:\/\/mullundpartner.de\/en\/wp-json\/wp\/v2\/pages"}],"about":[{"href":"https:\/\/mullundpartner.de\/en\/wp-json\/wp\/v2\/types\/page"}],"author":[{"embeddable":true,"href":"https:\/\/mullundpartner.de\/en\/wp-json\/wp\/v2\/users\/3008"}],"replies":[{"embeddable":true,"href":"https:\/\/mullundpartner.de\/en\/wp-json\/wp\/v2\/comments?post=21837"}],"version-history":[{"count":31,"href":"https:\/\/mullundpartner.de\/en\/wp-json\/wp\/v2\/pages\/21837\/revisions"}],"predecessor-version":[{"id":21993,"href":"https:\/\/mullundpartner.de\/en\/wp-json\/wp\/v2\/pages\/21837\/revisions\/21993"}],"wp:attachment":[{"href":"https:\/\/mullundpartner.de\/en\/wp-json\/wp\/v2\/media?parent=21837"}],"curies":[{"name":"wp","href":"https:\/\/api.w.org\/{rel}","templated":true}]}}