{"id":18086,"date":"2023-01-04T10:16:34","date_gmt":"2023-01-04T10:16:34","guid":{"rendered":"https:\/\/mullund-partner-de-wordpress.rz.mup-digital.com\/?page_id=18086"},"modified":"2026-03-24T08:01:37","modified_gmt":"2026-03-24T08:01:37","slug":"mp-ost-magdeburg-leipzig-berlin","status":"publish","type":"page","link":"https:\/\/mullundpartner.de\/en\/mp-ost-magdeburg-leipzig-berlin\/","title":{"rendered":"M&amp;P East"},"content":{"rendered":"\t\t<div data-elementor-type=\"wp-page\" data-elementor-id=\"18086\" class=\"elementor elementor-18086\" data-elementor-post-type=\"page\">\n\t\t\t\t\t\t<section class=\"elementor-section elementor-top-section elementor-element elementor-element-8e6a685 elementor-section-boxed elementor-section-height-default elementor-section-height-default wd-section-disabled\" data-id=\"8e6a685\" data-element_type=\"section\" data-e-type=\"section\">\n\t\t\t\t\t\t<div class=\"elementor-container elementor-column-gap-default\">\n\t\t\t\t\t<div class=\"elementor-column elementor-col-100 elementor-top-column elementor-element elementor-element-f150bd7\" data-id=\"f150bd7\" data-element_type=\"column\" data-e-type=\"column\">\n\t\t\t<div class=\"elementor-widget-wrap elementor-element-populated\">\n\t\t\t\t\t\t<div class=\"elementor-element elementor-element-c7f4c7c contenttext elementor-widget elementor-widget-wd_text_block\" data-id=\"c7f4c7c\" data-element_type=\"widget\" data-e-type=\"widget\" data-widget_type=\"wd_text_block.default\">\n\t\t\t\t<div class=\"elementor-widget-container\">\n\t\t\t\t\t\t\t<div class=\"wd-text-block reset-last-child text-left\">\n\t\t\t\n\t\t\t<p><strong>Die Mull und Partner Ingenieurgesellschaft mbH Ost ist nach<\/strong><\/p><ul><li>DIN EN ISO\/IEC 17025:2018 (Standorte Magdeburg, Leipzig, Berlin)<\/li><\/ul><p>als \u201ePr\u00fcflaboratorium\u201c akkreditiert.<\/p><p><strong>Die g\u00fcltigen Akkreditierungen finden Sie unter:<\/strong><\/p><p><a href=\"https:\/\/www.dakks.de\/de\/akkreditierte-stelle.html?id=D-PL-20101-01-00\" target=\"_blank\" rel=\"noopener\">Akkreditierte Stelle - DAkkS - Deutsche Akkreditierungsstelle GmbH<\/a><\/p><p>Die Akkreditierung ist Grundvoraussetzung f\u00fcr eine qualifizierte Beprobung \/ abfallrechtliche Deklaration von Boden, Bodenluft, Wasser, Abf\u00e4llen.<\/p><p>Durch beide Qualit\u00e4tsmanagementsysteme erreichen wir einen umfassenden Nutzen f\u00fcr unsere Kunden.<\/p><p>Qualit\u00e4tsmanagement und Akkreditierung ist aber mehr. So verpflichten wir uns zu regelm\u00e4\u00dfigen Fortbildungen und Schulungen, um uns kontinuierlich zu verbessen bzw. nach den neuesten Methoden und Standards zu arbeiten. Gleiches gilt f\u00fcr die eingesetzte Technik in den genannten Bereichen.<\/p><p>Die Gesch\u00e4ftsleitung und alle Mitarbeitenden der Mull und Partner Ingenieurgesellschaft mbH verpflichten sich zur Unparteilichkeit und Unabh\u00e4ngigkeit bei allen Entscheidungen und Bewertungen, die die angebotenen Leistungen betreffen.<\/p><p>Zur \u00dcberpr\u00fcfung unseres Qualit\u00e4tsmanagements sowie der normengerechten Umsetzung unserer Arbeitsfelder finden regelm\u00e4\u00dfige System- und Fachbegutachtungen seitens der Deutschen Akkreditierungsstelle (DAkkS) statt.<\/p><p>Die Mull und Partner Ingenieurgesellschaft mbH ist\u00a0 f\u00fcr einen flexiblen Akkreditierungsbereich akkreditiert. Die Liste der Pr\u00fcfverfahren, die der Akkreditierung unterliegen, ist hier zu finden:<\/p>\n\t\t\t\t\t<\/div>\n\t\t\t\t\t\t<\/div>\n\t\t\t\t<\/div>\n\t\t\t\t<div class=\"elementor-element elementor-element-1ad93a1 elementor-hidden-desktop elementor-hidden-tablet elementor-hidden-mobile elementor-widget elementor-widget-html\" data-id=\"1ad93a1\" data-element_type=\"widget\" data-e-type=\"widget\" data-widget_type=\"html.default\">\n\t\t\t\t<div class=\"elementor-widget-container\">\n\t\t\t\t\t[dflip id=\"18137\" ][\/dflip]\r\n\t\t\t\t<\/div>\n\t\t\t\t<\/div>\n\t\t\t\t<div class=\"elementor-element elementor-element-79c832d elementor-widget elementor-widget-html\" data-id=\"79c832d\" data-element_type=\"widget\" data-e-type=\"widget\" data-widget_type=\"html.default\">\n\t\t\t\t<div class=\"elementor-widget-container\">\n\t\t\t\t\t<div class=\"wp-block-algori-pdf-viewer-block-algori-pdf-viewer\">\r\n  <iframe\r\n    class=\"wp-block-algori-pdf-viewer-block-algori-pdf-viewer-iframe lazyload\"\r\n    data-src=\"https:\/\/mullundpartner.de\/wp-content\/uploads\/2026\/03\/A5_02_FlexListe-A_rev01_03_26_Stand-13.03.2026.pdf\"\r\n    style=\"width:100%;height:1000px\" src=\"data:image\/gif;base64,R0lGODlhAQABAAAAACH5BAEKAAEALAAAAAABAAEAAAICTAEAOw==\" data-load-mode=\"1\">\r\n  <\/iframe>\r\n<\/div>\r\n\t\t\t\t<\/div>\n\t\t\t\t<\/div>\n\t\t\t\t<div class=\"elementor-element elementor-element-3e043d1 elementor-hidden-desktop elementor-hidden-tablet elementor-hidden-mobile elementor-widget elementor-widget-html\" data-id=\"3e043d1\" data-element_type=\"widget\" data-e-type=\"widget\" data-widget_type=\"html.default\">\n\t\t\t\t<div class=\"elementor-widget-container\">\n\t\t\t\t\t[dflip id=\"18364\" ][\/dflip]\r\n\t\t\t\t<\/div>\n\t\t\t\t<\/div>\n\t\t\t\t\t<\/div>\n\t\t<\/div>\n\t\t\t\t\t<\/div>\n\t\t<\/section>\n\t\t\t\t<\/div>\n\t\t","protected":false},"excerpt":{"rendered":"<p>Mull und Partner Ingenieurgesellschaft mbH Ost is accredited as a \"testing laboratory\" according to DIN EN ISO\/IEC 17025:2018 (locations Magdeburg, Leipzig, Berlin).<\/p>","protected":false},"author":3,"featured_media":0,"parent":0,"menu_order":39,"comment_status":"closed","ping_status":"closed","template":"","meta":{"inline_featured_image":false,"footnotes":""},"class_list":["post-18086","page","type-page","status-publish","hentry"],"_links":{"self":[{"href":"https:\/\/mullundpartner.de\/en\/wp-json\/wp\/v2\/pages\/18086","targetHints":{"allow":["GET"]}}],"collection":[{"href":"https:\/\/mullundpartner.de\/en\/wp-json\/wp\/v2\/pages"}],"about":[{"href":"https:\/\/mullundpartner.de\/en\/wp-json\/wp\/v2\/types\/page"}],"author":[{"embeddable":true,"href":"https:\/\/mullundpartner.de\/en\/wp-json\/wp\/v2\/users\/3"}],"replies":[{"embeddable":true,"href":"https:\/\/mullundpartner.de\/en\/wp-json\/wp\/v2\/comments?post=18086"}],"version-history":[{"count":67,"href":"https:\/\/mullundpartner.de\/en\/wp-json\/wp\/v2\/pages\/18086\/revisions"}],"predecessor-version":[{"id":22201,"href":"https:\/\/mullundpartner.de\/en\/wp-json\/wp\/v2\/pages\/18086\/revisions\/22201"}],"wp:attachment":[{"href":"https:\/\/mullundpartner.de\/en\/wp-json\/wp\/v2\/media?parent=18086"}],"curies":[{"name":"wp","href":"https:\/\/api.w.org\/{rel}","templated":true}]}}