{"id":18071,"date":"2023-01-04T08:56:23","date_gmt":"2023-01-04T08:56:23","guid":{"rendered":"https:\/\/mullund-partner-de-wordpress.rz.mup-digital.com\/?page_id=18071"},"modified":"2025-11-26T21:41:56","modified_gmt":"2025-11-26T21:41:56","slug":"mp-nord-hannover","status":"publish","type":"page","link":"https:\/\/mullundpartner.de\/en\/mp-nord-hannover\/","title":{"rendered":"M&amp;P North"},"content":{"rendered":"\t\t<div data-elementor-type=\"wp-page\" data-elementor-id=\"18071\" class=\"elementor elementor-18071\" data-elementor-post-type=\"page\">\n\t\t\t\t\t\t<section class=\"elementor-section elementor-top-section elementor-element elementor-element-8e6a685 elementor-section-boxed elementor-section-height-default elementor-section-height-default wd-section-disabled\" data-id=\"8e6a685\" data-element_type=\"section\" data-e-type=\"section\">\n\t\t\t\t\t\t<div class=\"elementor-container elementor-column-gap-default\">\n\t\t\t\t\t<div class=\"elementor-column elementor-col-100 elementor-top-column elementor-element elementor-element-f150bd7\" data-id=\"f150bd7\" data-element_type=\"column\" data-e-type=\"column\">\n\t\t\t<div class=\"elementor-widget-wrap elementor-element-populated\">\n\t\t\t\t\t\t<div class=\"elementor-element elementor-element-df8085d elementor-widget elementor-widget-spacer\" data-id=\"df8085d\" data-element_type=\"widget\" data-e-type=\"widget\" data-widget_type=\"spacer.default\">\n\t\t\t\t<div class=\"elementor-widget-container\">\n\t\t\t\t\t\t\t<div class=\"elementor-spacer\">\n\t\t\t<div class=\"elementor-spacer-inner\"><\/div>\n\t\t<\/div>\n\t\t\t\t\t\t<\/div>\n\t\t\t\t<\/div>\n\t\t\t\t<div class=\"elementor-element elementor-element-6c7b6ea contenttext elementor-widget elementor-widget-wd_text_block\" data-id=\"6c7b6ea\" data-element_type=\"widget\" data-e-type=\"widget\" data-widget_type=\"wd_text_block.default\">\n\t\t\t\t<div class=\"elementor-widget-container\">\n\t\t\t\t\t\t\t<div class=\"wd-text-block reset-last-child text-left\">\n\t\t\t\n\t\t\t<p><strong>Die Mull und Partner Ingenieurgesellschaft mbH Nord <\/strong>ist nach<\/p><p>DIN EN ISO\/IEC 17025: 2018 (Standorte Hannover, Hamburg und Osnabr\u00fcck) als\u201ePr\u00fcflaboratorium\u201c \u00a0akkreditiert.<\/p><p><strong>Die g\u00fcltige Akkreditierung finden Sie unter:<\/strong><\/p><p><a href=\"https:\/\/www.dakks.de\/de\/akkreditierte-stelle.html?id=D-PL-20008-02-00\" target=\"_blank\" rel=\"noopener\">https:\/\/www.dakks.de\/de\/akkreditierte-stelle.html?id=D-PL-20008-02-00<\/a><\/p><p>Die Akkreditierung best\u00e4tigt unsere fachliche Kompetenz sowie die Eignung und Zuverl\u00e4ssigkeit unserer Probenahme- und Messger\u00e4te.<br \/>Sie umfasst die qualifizierte Durchf\u00fchrung von Probenahmen nach nationalen und internationalen Standards sowie die abfallrechtliche Deklaration von Boden, Bodenluft, Wasser, Abf\u00e4llen, verwertbaren Stoffen und in Bauteilen gebundenen Schadstoffen (z. B. Asbest) gem\u00e4\u00df den geltenden gesetzlichen Anforderungen.<\/p><p>Die Akkreditierung gew\u00e4hrleistet, dass die von uns ermittelten Messwerte, Bewertungen und Ergebnisse fachlich belastbar, nachvollziehbar dokumentiert und beh\u00f6rdlich sowie rechtlich verwertbar sind.Sie bildet somit die Grundlage f\u00fcr verl\u00e4ssliche Planungen in den Bereichen Boden- und Grundwasserschutz, Bewertung und Sanierung sch\u00e4dlicher Bodenver\u00e4nderungen, Kampfmittelbelastungen sowie beim Fl\u00e4chenrecycling einschlie\u00dflich des Boden- und Abfallmanagements.<\/p><p>Qualit\u00e4tsmanagement und Akkreditierung bedeuten f\u00fcr uns jedoch mehr. So verpflichten wir uns zu regelm\u00e4\u00dfigen Fortbildungen und Schulungen, um unsere Prozesse kontinuierlich zu verbessern und stets nach den neuesten Methoden und Standards zu arbeiten. Die Gesch\u00e4ftsleitung und alle Mitarbeitenden der Mull und Partner Ingenieurgesellschaft mbH verpflichten sich zur Unparteilichkeit und Unabh\u00e4ngigkeit bei allen Entscheidungen und Bewertungen, die die angebotenen Leistungen betreffen. Durch unser Qualit\u00e4tsmanagementsystem erzielen wir einen umfassenden Mehrwert f\u00fcr unsere Auftraggeber.<\/p><p>Zur \u00dcberpr\u00fcfung unseres Qualit\u00e4tsmanagements sowie der normengerechten Umsetzung unserer Arbeitsfelder finden regelm\u00e4\u00dfige System- und Fachbegutachtungen seitens der Deutschen Akkreditierungsstelle (DAkkS) statt.<\/p><p>Die Mull und Partner Ingenieurgesellschaft mbH ist f\u00fcr die Akkreditierung nach DIN EN ISO\/IEC 17025: 2018 f\u00fcr einen flexiblen Akkreditierungsbereich akkreditiert. Die Liste der Pr\u00fcfverfahren, die der Akkreditierung unterliegen ist hier zu finden:<\/p>\n\t\t\t\t\t<\/div>\n\t\t\t\t\t\t<\/div>\n\t\t\t\t<\/div>\n\t\t\t\t<div class=\"elementor-element elementor-element-00f255e elementor-hidden-desktop elementor-hidden-tablet elementor-hidden-mobile color-scheme-inherit text-left elementor-widget elementor-widget-text-editor\" data-id=\"00f255e\" data-element_type=\"widget\" data-e-type=\"widget\" data-widget_type=\"text-editor.default\">\n\t\t\t\t<div class=\"elementor-widget-container\">\n\t\t\t\t\t\t\t\t\t[dflip id=&#8220;18209&#8243;][\/dflip]\n\t\t\t\t\t\t\t\t<\/div>\n\t\t\t\t<\/div>\n\t\t\t\t<div class=\"elementor-element elementor-element-593b1d9 elementor-hidden-desktop elementor-hidden-tablet elementor-hidden-mobile elementor-widget elementor-widget-html\" data-id=\"593b1d9\" data-element_type=\"widget\" data-e-type=\"widget\" data-widget_type=\"html.default\">\n\t\t\t\t<div class=\"elementor-widget-container\">\n\t\t\t\t\t<div class=\"wp-block-algori-pdf-viewer-block-algori-pdf-viewer\"><iframe class=\"wp-block-algori-pdf-viewer-block-algori-pdf-viewer-iframe lazyload\" data-src=\"https:\/\/mullundpartner.de\/wp-content\/plugins\/algori-pdf-viewer\/dist\/web\/viewer.html?file=https%3A%2F%2Fmullundpartner.de%2Fwp-content%2Fuploads%2F2024%2F09%2FNormenliste_rev19_08-2023_offentlich.pdf\" style=\"width:100%;height:1000px\" src=\"data:image\/gif;base64,R0lGODlhAQABAAAAACH5BAEKAAEALAAAAAABAAEAAAICTAEAOw==\" data-load-mode=\"1\"><\/iframe><\/div>\t\t\t\t<\/div>\n\t\t\t\t<\/div>\n\t\t\t\t\t<\/div>\n\t\t<\/div>\n\t\t\t\t\t<\/div>\n\t\t<\/section>\n\t\t\t\t<section class=\"elementor-section elementor-top-section elementor-element elementor-element-10b3270 elementor-section-boxed elementor-section-height-default elementor-section-height-default wd-section-disabled\" data-id=\"10b3270\" data-element_type=\"section\" data-e-type=\"section\">\n\t\t\t\t\t\t<div class=\"elementor-container elementor-column-gap-default\">\n\t\t\t\t\t<div class=\"elementor-column elementor-col-100 elementor-top-column elementor-element elementor-element-19014c8\" data-id=\"19014c8\" data-element_type=\"column\" data-e-type=\"column\">\n\t\t\t<div class=\"elementor-widget-wrap elementor-element-populated\">\n\t\t\t\t\t\t<div class=\"elementor-element elementor-element-9e93292 elementor-widget elementor-widget-html\" data-id=\"9e93292\" data-element_type=\"widget\" data-e-type=\"widget\" data-widget_type=\"html.default\">\n\t\t\t\t<div class=\"elementor-widget-container\">\n\t\t\t\t\t<div class=\"wp-block-algori-pdf-viewer-block-algori-pdf-viewer\">\r\n  <iframe \r\n    class=\"wp-block-algori-pdf-viewer-block-algori-pdf-viewer-iframe lazyload\" \r\n    data-src=\"https:\/\/mullundpartner.de\/wp-content\/plugins\/algori-pdf-viewer\/dist\/web\/viewer.html?file=https%3A%2F%2Fmullundpartner.de%2Fwp-content%2Fuploads%2F2025%2F11%2FNormenliste_rev23_08-2025-1.pdf\"  \r\n    style=\"width:100%;height:1000px\" src=\"data:image\/gif;base64,R0lGODlhAQABAAAAACH5BAEKAAEALAAAAAABAAEAAAICTAEAOw==\" data-load-mode=\"1\">\r\n  <\/iframe>\r\n<\/div>\r\n\t\t\t\t<\/div>\n\t\t\t\t<\/div>\n\t\t\t\t\t<\/div>\n\t\t<\/div>\n\t\t\t\t\t<\/div>\n\t\t<\/section>\n\t\t\t\t<\/div>\n\t\t","protected":false},"excerpt":{"rendered":"<p>Die Mull und Partner Ingenieurgesellschaft mbH Nord ist nach DIN EN ISO\/IEC 17025: 2018 (Standorte Hannover, Hamburg und Osnabr\u00fcck) als\u201ePr\u00fcflaboratorium\u201c<\/p>","protected":false},"author":3,"featured_media":0,"parent":0,"menu_order":38,"comment_status":"closed","ping_status":"closed","template":"","meta":{"inline_featured_image":false,"footnotes":""},"class_list":["post-18071","page","type-page","status-publish","hentry"],"_links":{"self":[{"href":"https:\/\/mullundpartner.de\/en\/wp-json\/wp\/v2\/pages\/18071","targetHints":{"allow":["GET"]}}],"collection":[{"href":"https:\/\/mullundpartner.de\/en\/wp-json\/wp\/v2\/pages"}],"about":[{"href":"https:\/\/mullundpartner.de\/en\/wp-json\/wp\/v2\/types\/page"}],"author":[{"embeddable":true,"href":"https:\/\/mullundpartner.de\/en\/wp-json\/wp\/v2\/users\/3"}],"replies":[{"embeddable":true,"href":"https:\/\/mullundpartner.de\/en\/wp-json\/wp\/v2\/comments?post=18071"}],"version-history":[{"count":95,"href":"https:\/\/mullundpartner.de\/en\/wp-json\/wp\/v2\/pages\/18071\/revisions"}],"predecessor-version":[{"id":22075,"href":"https:\/\/mullundpartner.de\/en\/wp-json\/wp\/v2\/pages\/18071\/revisions\/22075"}],"wp:attachment":[{"href":"https:\/\/mullundpartner.de\/en\/wp-json\/wp\/v2\/media?parent=18071"}],"curies":[{"name":"wp","href":"https:\/\/api.w.org\/{rel}","templated":true}]}}